{"id":573,"date":"2024-07-16T00:31:25","date_gmt":"2024-07-16T00:31:25","guid":{"rendered":"https:\/\/gmiluminacion.com\/distribuidor-holophane-postes-de-alto-montaje\/index.php\/about\/"},"modified":"2024-07-24T00:00:34","modified_gmt":"2024-07-24T00:00:34","slug":"nosotros","status":"publish","type":"page","link":"https:\/\/gmiluminacion.com\/distribuidor-holophane-postes-de-alto-montaje\/nosotros\/","title":{"rendered":"Nosotros"},"content":{"rendered":"\t\t<div data-elementor-type=\"wp-page\" data-elementor-id=\"573\" class=\"elementor elementor-573\">\n\t\t\t\t\t\t<section class=\"elementor-section elementor-top-section elementor-element elementor-element-612b2dd2 elementor-section-boxed elementor-section-height-default elementor-section-height-default\" data-id=\"612b2dd2\" data-element_type=\"section\" data-e-type=\"section\">\n\t\t\t\t\t\t<div class=\"elementor-container elementor-column-gap-default\">\n\t\t\t\t\t<div class=\"elementor-column elementor-col-100 elementor-top-column elementor-element elementor-element-4f674007\" data-id=\"4f674007\" data-element_type=\"column\" data-e-type=\"column\">\n\t\t\t<div class=\"elementor-widget-wrap elementor-element-populated\">\n\t\t\t\t\t\t<div class=\"elementor-element elementor-element-1f793984 elementor-widget elementor-widget-text-editor\" data-id=\"1f793984\" data-element_type=\"widget\" data-e-type=\"widget\" data-widget_type=\"text-editor.default\">\n\t\t\t\t\t\t\t\t\t<p><\/p>\n<div class=\"wp-block-uagb-container uagb-block-a2b3fcc4 alignfull uagb-is-root-container\">\n<div class=\"uagb-container-inner-blocks-wrap\">\n<p><\/p>\n<div class=\"wp-block-uagb-advanced-heading uagb-block-b49651cf\">\n<h1 class=\"uagb-heading-text\">Experiencia en Iluminaci\u00f3n<\/h1>\n<p class=\"uagb-desc-text\">M\u00e1s de 20 a\u00f1os desarrollando proyectos de ingenier\u00eda, suministro e instalaci\u00f3n de sistemas de alto montaje en sectores como proyecto urbano, hotelero e industrial. Especialistas en iluminaci\u00f3n con tecnolog\u00eda de vanguardia.<\/p>\n<\/div>\n<\/div>\n<\/div>\n<div class=\"wp-block-uagb-container uagb-block-967ef5ef alignfull uagb-is-root-container\">\n<div class=\"uagb-container-inner-blocks-wrap\">\n<div class=\"wp-block-uagb-container uagb-block-e2113914\">\n<p><\/p>\n<\/div>\n<p><\/p>\n<\/div>\n<\/div>\n<p><!-- \/wp:uagb\/container --><\/p>\n<p><!-- wp:block {\"ref\":147} \/--><\/p>\t\t\t\t\t\t\t\t<\/div>\n\t\t\t\t\t<\/div>\n\t\t<\/div>\n\t\t\t\t\t<\/div>\n\t\t<\/section>\n\t\t\t\t<section class=\"elementor-section elementor-top-section elementor-element elementor-element-19ec6cb5 elementor-section-content-middle elementor-section-boxed elementor-section-height-default elementor-section-height-default\" data-id=\"19ec6cb5\" data-element_type=\"section\" data-e-type=\"section\">\n\t\t\t\t\t\t<div class=\"elementor-container elementor-column-gap-no\">\n\t\t\t\t\t<div class=\"elementor-column elementor-col-50 elementor-top-column elementor-element elementor-element-14f00931\" data-id=\"14f00931\" data-element_type=\"column\" data-e-type=\"column\">\n\t\t\t<div class=\"elementor-widget-wrap elementor-element-populated\">\n\t\t\t\t\t\t<div class=\"elementor-element elementor-element-1bab6501 elementor-widget elementor-widget-image\" data-id=\"1bab6501\" data-element_type=\"widget\" data-e-type=\"widget\" data-widget_type=\"image.default\">\n\t\t\t\t\t\t\t\t\t\t\t\t\t\t\t<img fetchpriority=\"high\" decoding=\"async\" width=\"2363\" height=\"2363\" src=\"https:\/\/gmiluminacion.com\/distribuidor-holophane-postes-de-alto-montaje\/wp-content\/uploads\/2024\/07\/distribuidor-holophane-postes-de-alto-montaje-gm-inluminacion-logo-130x130.jpg\" class=\"attachment-full size-full wp-image-11\" alt=\"\" srcset=\"https:\/\/gmiluminacion.com\/distribuidor-holophane-postes-de-alto-montaje\/wp-content\/uploads\/2024\/07\/distribuidor-holophane-postes-de-alto-montaje-gm-inluminacion-logo.jpg 2363w, https:\/\/gmiluminacion.com\/distribuidor-holophane-postes-de-alto-montaje\/wp-content\/uploads\/2024\/07\/distribuidor-holophane-postes-de-alto-montaje-gm-inluminacion-logo-300x300.jpg 300w, https:\/\/gmiluminacion.com\/distribuidor-holophane-postes-de-alto-montaje\/wp-content\/uploads\/2024\/07\/distribuidor-holophane-postes-de-alto-montaje-gm-inluminacion-logo-1024x1024.jpg 1024w, https:\/\/gmiluminacion.com\/distribuidor-holophane-postes-de-alto-montaje\/wp-content\/uploads\/2024\/07\/distribuidor-holophane-postes-de-alto-montaje-gm-inluminacion-logo-150x150.jpg 150w, https:\/\/gmiluminacion.com\/distribuidor-holophane-postes-de-alto-montaje\/wp-content\/uploads\/2024\/07\/distribuidor-holophane-postes-de-alto-montaje-gm-inluminacion-logo-768x768.jpg 768w, https:\/\/gmiluminacion.com\/distribuidor-holophane-postes-de-alto-montaje\/wp-content\/uploads\/2024\/07\/distribuidor-holophane-postes-de-alto-montaje-gm-inluminacion-logo-1536x1536.jpg 1536w, https:\/\/gmiluminacion.com\/distribuidor-holophane-postes-de-alto-montaje\/wp-content\/uploads\/2024\/07\/distribuidor-holophane-postes-de-alto-montaje-gm-inluminacion-logo-2048x2048.jpg 2048w, https:\/\/gmiluminacion.com\/distribuidor-holophane-postes-de-alto-montaje\/wp-content\/uploads\/2024\/07\/distribuidor-holophane-postes-de-alto-montaje-gm-inluminacion-logo-130x130.jpg 130w\" sizes=\"(max-width: 2363px) 100vw, 2363px\" \/>\t\t\t\t\t\t\t\t\t\t\t\t\t\t\t<\/div>\n\t\t\t\t\t<\/div>\n\t\t<\/div>\n\t\t\t\t<div class=\"elementor-column elementor-col-50 elementor-top-column elementor-element elementor-element-237e1617\" data-id=\"237e1617\" data-element_type=\"column\" data-e-type=\"column\">\n\t\t\t<div class=\"elementor-widget-wrap elementor-element-populated\">\n\t\t\t\t\t\t<div class=\"elementor-element elementor-element-427e1602 elementor-widget elementor-widget-heading\" data-id=\"427e1602\" data-element_type=\"widget\" data-e-type=\"widget\" data-widget_type=\"heading.default\">\n\t\t\t\t\t<h4 class=\"elementor-heading-title elementor-size-default\">Sobre Nosotros<\/h4>\t\t\t\t<\/div>\n\t\t\t\t<div class=\"elementor-element elementor-element-6bac961a elementor-widget elementor-widget-text-editor\" data-id=\"6bac961a\" data-element_type=\"widget\" data-e-type=\"widget\" data-widget_type=\"text-editor.default\">\n\t\t\t\t\t\t\t\t\t<p><strong>PROYECTOS GM ILUMINACION, S.A. DE C.V.<\/strong> Es una empresa con m\u00e1s de dos d\u00e9cadas de experiencia en dise\u00f1o, suministro e instalaci\u00f3n de sistemas de alto montaje. Nos enfocamos en soluciones innovadoras para sectores como autopistas y carreteras.<\/p>\t\t\t\t\t\t\t\t<\/div>\n\t\t\t\t<div class=\"elementor-element elementor-element-5132f09 elementor-widget elementor-widget-button\" data-id=\"5132f09\" data-element_type=\"widget\" data-e-type=\"widget\" data-widget_type=\"button.default\">\n\t\t\t\t\t\t\t\t\t\t<a class=\"elementor-button elementor-button-link elementor-size-sm\" href=\"https:\/\/gmiluminacion.com\/distribuidor-holophane-postes-de-alto-montaje\/contacto\/\">\n\t\t\t\t\t\t<span class=\"elementor-button-content-wrapper\">\n\t\t\t\t\t\t\t\t\t<span class=\"elementor-button-text\">Obtener una Cotizaci\u00f3n<\/span>\n\t\t\t\t\t<\/span>\n\t\t\t\t\t<\/a>\n\t\t\t\t\t\t\t\t<\/div>\n\t\t\t\t\t<\/div>\n\t\t<\/div>\n\t\t\t\t\t<\/div>\n\t\t<\/section>\n\t\t\t\t<section class=\"elementor-section elementor-top-section elementor-element elementor-element-0fef070 elementor-section-boxed elementor-section-height-default elementor-section-height-default\" data-id=\"0fef070\" data-element_type=\"section\" data-e-type=\"section\">\n\t\t\t\t\t\t<div class=\"elementor-container elementor-column-gap-default\">\n\t\t\t\t\t<div class=\"elementor-column elementor-col-100 elementor-top-column elementor-element elementor-element-d014fd6\" data-id=\"d014fd6\" data-element_type=\"column\" data-e-type=\"column\">\n\t\t\t<div class=\"elementor-widget-wrap elementor-element-populated\">\n\t\t\t\t\t\t<div class=\"elementor-element elementor-element-65ae2e7 elementor-widget elementor-widget-image\" data-id=\"65ae2e7\" data-element_type=\"widget\" data-e-type=\"widget\" data-widget_type=\"image.default\">\n\t\t\t\t\t\t\t\t\t\t\t\t\t\t\t<img decoding=\"async\" src=\"https:\/\/gmiluminacion.com\/distribuidor-holophane-postes-de-alto-montaje\/wp-content\/uploads\/elementor\/thumbs\/pexels-photo-9974198-qr65y0peoaqudpkuk976w1itcp717aka9hngbgs7mc.jpeg\" title=\"pexels-photo-9974198\" alt=\"Street Light against Clear Sky\" loading=\"lazy\" \/>\t\t\t\t\t\t\t\t\t\t\t\t\t\t\t<\/div>\n\t\t\t\t\t<\/div>\n\t\t<\/div>\n\t\t\t\t\t<\/div>\n\t\t<\/section>\n\t\t\t\t<section class=\"elementor-section elementor-top-section elementor-element elementor-element-10228ce elementor-section-boxed elementor-section-height-default elementor-section-height-default\" data-id=\"10228ce\" data-element_type=\"section\" data-e-type=\"section\">\n\t\t\t\t\t\t<div class=\"elementor-container elementor-column-gap-default\">\n\t\t\t\t\t<div class=\"elementor-column elementor-col-100 elementor-top-column elementor-element elementor-element-e628cd1\" data-id=\"e628cd1\" data-element_type=\"column\" data-e-type=\"column\">\n\t\t\t<div class=\"elementor-widget-wrap elementor-element-populated\">\n\t\t\t\t\t\t<section class=\"elementor-section elementor-inner-section elementor-element elementor-element-2a0a78d elementor-section-boxed elementor-section-height-default elementor-section-height-default\" data-id=\"2a0a78d\" data-element_type=\"section\" data-e-type=\"section\">\n\t\t\t\t\t\t<div class=\"elementor-container elementor-column-gap-default\">\n\t\t\t\t\t<div class=\"elementor-column elementor-col-50 elementor-inner-column elementor-element elementor-element-8817609\" data-id=\"8817609\" data-element_type=\"column\" data-e-type=\"column\">\n\t\t\t<div class=\"elementor-widget-wrap elementor-element-populated\">\n\t\t\t\t\t\t<div class=\"elementor-element elementor-element-37ae03d elementor-widget elementor-widget-heading\" data-id=\"37ae03d\" data-element_type=\"widget\" data-e-type=\"widget\" data-widget_type=\"heading.default\">\n\t\t\t\t\t<h2 class=\"elementor-heading-title elementor-size-default\">Nuestra<\/h2>\t\t\t\t<\/div>\n\t\t\t\t<div class=\"elementor-element elementor-element-63baf41 elementor-widget elementor-widget-heading\" data-id=\"63baf41\" data-element_type=\"widget\" data-e-type=\"widget\" data-widget_type=\"heading.default\">\n\t\t\t\t\t<h2 class=\"elementor-heading-title elementor-size-default\">Misi\u00f3n<\/h2>\t\t\t\t<\/div>\n\t\t\t\t<div class=\"elementor-element elementor-element-7b40184 elementor-position-top elementor-widget elementor-widget-image-box\" data-id=\"7b40184\" data-element_type=\"widget\" data-e-type=\"widget\" data-widget_type=\"image-box.default\">\n\t\t\t\t\t<div class=\"elementor-image-box-wrapper\"><figure class=\"elementor-image-box-img\"><img decoding=\"async\" src=\"https:\/\/gmiluminacion.com\/distribuidor-holophane-postes-de-alto-montaje\/wp-content\/uploads\/elementor\/thumbs\/iluminacion-altura-proyectos-gm-qriczuymzdkmlfucvcrpml04tolf7ivaw6iqlrmmno.jpg\" title=\"iluminacion-altura-proyectos-gm\" alt=\"iluminacion-altura-proyectos-gm\" loading=\"lazy\" \/><\/figure><div class=\"elementor-image-box-content\"><p class=\"elementor-image-box-description\"><div align=\"justify\">Es Crear soluciones de iluminaci\u00f3n innovadoras y eficientes que contribuyan al desarrollo sostenible de diferentes sectores, manteniendo altos est\u00e1ndares de calidad y tecnolog\u00eda.<\/div><\/p><\/div><\/div>\t\t\t\t<\/div>\n\t\t\t\t\t<\/div>\n\t\t<\/div>\n\t\t\t\t<div class=\"elementor-column elementor-col-50 elementor-inner-column elementor-element elementor-element-087261f\" data-id=\"087261f\" data-element_type=\"column\" data-e-type=\"column\">\n\t\t\t<div class=\"elementor-widget-wrap elementor-element-populated\">\n\t\t\t\t\t\t<div class=\"elementor-element elementor-element-6434e0f elementor-widget elementor-widget-heading\" data-id=\"6434e0f\" data-element_type=\"widget\" data-e-type=\"widget\" data-widget_type=\"heading.default\">\n\t\t\t\t\t<h2 class=\"elementor-heading-title elementor-size-default\">Nuestros<\/h2>\t\t\t\t<\/div>\n\t\t\t\t<div class=\"elementor-element elementor-element-917359f elementor-widget elementor-widget-heading\" data-id=\"917359f\" data-element_type=\"widget\" data-e-type=\"widget\" data-widget_type=\"heading.default\">\n\t\t\t\t\t<h2 class=\"elementor-heading-title elementor-size-default\">Objetivos<\/h2>\t\t\t\t<\/div>\n\t\t\t\t<div class=\"elementor-element elementor-element-7fc1d91 elementor-position-top elementor-widget elementor-widget-image-box\" data-id=\"7fc1d91\" data-element_type=\"widget\" data-e-type=\"widget\" data-widget_type=\"image-box.default\">\n\t\t\t\t\t<div class=\"elementor-image-box-wrapper\"><figure class=\"elementor-image-box-img\"><img decoding=\"async\" src=\"https:\/\/gmiluminacion.com\/distribuidor-holophane-postes-de-alto-montaje\/wp-content\/uploads\/elementor\/thumbs\/tecnologia-leds-superpostes-iluminacion-alto-montaje-qrid0dres2ad1n31tkw90g9cpe0rhgxxmrkg7aur78.jpg\" title=\"tecnologia-leds-superpostes-iluminacion-alto-montaje\" alt=\"tecnologia-leds-superpostes-iluminacion-alto-montaje\" loading=\"lazy\" \/><\/figure><div class=\"elementor-image-box-content\"><p class=\"elementor-image-box-description\"><div align=\"justify\">Nuestro objetivo es seguir liderando en el mercado de iluminaci\u00f3n de alto montaje, ofreciendo productos de calidad, servicio excepcional y soluciones personalizadas para un impacto positivo en la sociedad.<\/div><\/p><\/div><\/div>\t\t\t\t<\/div>\n\t\t\t\t\t<\/div>\n\t\t<\/div>\n\t\t\t\t\t<\/div>\n\t\t<\/section>\n\t\t\t\t\t<\/div>\n\t\t<\/div>\n\t\t\t\t\t<\/div>\n\t\t<\/section>\n\t\t\t\t<\/div>\n\t\t","protected":false},"excerpt":{"rendered":"<p>Experiencia en Iluminaci\u00f3n M\u00e1s de 20 a\u00f1os desarrollando proyectos de ingenier\u00eda, suministro e instalaci\u00f3n de sistemas de alto montaje en [&hellip;]<\/p>\n","protected":false},"author":1,"featured_media":0,"parent":0,"menu_order":0,"comment_status":"closed","ping_status":"closed","template":"","meta":{"_uag_custom_page_level_css":"","site-sidebar-layout":"default","site-content-layout":"","ast-site-content-layout":"full-width-container","site-content-style":"default","site-sidebar-style":"default","ast-global-header-display":"","ast-banner-title-visibility":"disabled","ast-main-header-display":"","ast-hfb-above-header-display":"","ast-hfb-below-header-display":"","ast-hfb-mobile-header-display":"","site-post-title":"","ast-breadcrumbs-content":"","ast-featured-img":"","footer-sml-layout":"","ast-disable-related-posts":"","theme-transparent-header-meta":"default","adv-header-id-meta":"","stick-header-meta":"","header-above-stick-meta":"","header-main-stick-meta":"","header-below-stick-meta":"","astra-migrate-meta-layouts":"default","ast-page-background-enabled":"default","ast-page-background-meta":{"desktop":{"background-color":"var(--ast-global-color-5)","background-image":"","background-repeat":"repeat","background-position":"center center","background-size":"auto","background-attachment":"scroll","background-type":"","background-media":"","overlay-type":"","overlay-color":"","overlay-opacity":"","overlay-gradient":""},"tablet":{"background-color":"","background-image":"","background-repeat":"repeat","background-position":"center center","background-size":"auto","background-attachment":"scroll","background-type":"","background-media":"","overlay-type":"","overlay-color":"","overlay-opacity":"","overlay-gradient":""},"mobile":{"background-color":"","background-image":"","background-repeat":"repeat","background-position":"center center","background-size":"auto","background-attachment":"scroll","background-type":"","background-media":"","overlay-type":"","overlay-color":"","overlay-opacity":"","overlay-gradient":""}},"ast-content-background-meta":{"desktop":{"background-color":"var(--ast-global-color-4)","background-image":"","background-repeat":"repeat","background-position":"center center","background-size":"auto","background-attachment":"scroll","background-type":"","background-media":"","overlay-type":"","overlay-color":"","overlay-opacity":"","overlay-gradient":""},"tablet":{"background-color":"var(--ast-global-color-4)","background-image":"","background-repeat":"repeat","background-position":"center center","background-size":"auto","background-attachment":"scroll","background-type":"","background-media":"","overlay-type":"","overlay-color":"","overlay-opacity":"","overlay-gradient":""},"mobile":{"background-color":"var(--ast-global-color-4)","background-image":"","background-repeat":"repeat","background-position":"center center","background-size":"auto","background-attachment":"scroll","background-type":"","background-media":"","overlay-type":"","overlay-color":"","overlay-opacity":"","overlay-gradient":""}},"_joinchat":[],"footnotes":""},"class_list":["post-573","page","type-page","status-publish","hentry"],"uagb_featured_image_src":{"full":false,"thumbnail":false,"medium":false,"medium_large":false,"large":false,"1536x1536":false,"2048x2048":false},"uagb_author_info":{"display_name":"admin","author_link":"https:\/\/gmiluminacion.com\/distribuidor-holophane-postes-de-alto-montaje\/author\/neossdef\/"},"uagb_comment_info":0,"uagb_excerpt":"Experiencia en Iluminaci\u00f3n M\u00e1s de 20 a\u00f1os desarrollando proyectos de ingenier\u00eda, suministro e instalaci\u00f3n de sistemas de alto montaje en [&hellip;]","_links":{"self":[{"href":"https:\/\/gmiluminacion.com\/distribuidor-holophane-postes-de-alto-montaje\/wp-json\/wp\/v2\/pages\/573","targetHints":{"allow":["GET"]}}],"collection":[{"href":"https:\/\/gmiluminacion.com\/distribuidor-holophane-postes-de-alto-montaje\/wp-json\/wp\/v2\/pages"}],"about":[{"href":"https:\/\/gmiluminacion.com\/distribuidor-holophane-postes-de-alto-montaje\/wp-json\/wp\/v2\/types\/page"}],"author":[{"embeddable":true,"href":"https:\/\/gmiluminacion.com\/distribuidor-holophane-postes-de-alto-montaje\/wp-json\/wp\/v2\/users\/1"}],"replies":[{"embeddable":true,"href":"https:\/\/gmiluminacion.com\/distribuidor-holophane-postes-de-alto-montaje\/wp-json\/wp\/v2\/comments?post=573"}],"version-history":[{"count":42,"href":"https:\/\/gmiluminacion.com\/distribuidor-holophane-postes-de-alto-montaje\/wp-json\/wp\/v2\/pages\/573\/revisions"}],"predecessor-version":[{"id":817,"href":"https:\/\/gmiluminacion.com\/distribuidor-holophane-postes-de-alto-montaje\/wp-json\/wp\/v2\/pages\/573\/revisions\/817"}],"wp:attachment":[{"href":"https:\/\/gmiluminacion.com\/distribuidor-holophane-postes-de-alto-montaje\/wp-json\/wp\/v2\/media?parent=573"}],"curies":[{"name":"wp","href":"https:\/\/api.w.org\/{rel}","templated":true}]}}